{"id":97,"date":"2026-03-05T09:55:29","date_gmt":"2026-03-05T08:55:29","guid":{"rendered":"https:\/\/hafen-schaprode.de\/de\/?page_id=97"},"modified":"2026-03-05T09:56:20","modified_gmt":"2026-03-05T08:56:20","slug":"impressum","status":"publish","type":"page","link":"https:\/\/hafen-schaprode.de\/de\/impressum\/","title":{"rendered":"Impressum"},"content":{"rendered":"<div id=\"content\" class=\"content position-relative page-content colibri-page-content h-footer-parallax-content-class\">\n<div class=\"d-flex h-section h-section-global-spacing position-relative\">\n<div class=\"h-section-grid-container h-section-boxed-container\">\n<div class=\"h-row-container\">\n<div class=\"h-row\">\n<div class=\"h-col\">\n<div id=\"post-47\" class=\"post-47 page type-page status-publish hentry\">\n<p>Inhaber und Betreiber der Homepage:<\/p>\n<p>R\u00fcgener Hafen- und Touristik GmbH<br \/>\nHafenweg 44b<br \/>\n18569 Schaprode<\/p>\n<p>Tel.: 038309\/1209<br \/>\neMail: info@hafen-schaprode.de<\/p>\n<p><strong>1. Inhalt des Onlineangebotes<\/strong><br \/>\nDer Autor selbst und die Informationszubringer sind stets bem\u00fcht, qualitativ hochwertige Informationen zur Verf\u00fcgung zu stellen. Trotzdem \u00fcbernimmt der Autor keinerlei Gew\u00e4hr f\u00fcr die Aktualit\u00e4t, Korrektheit, Vollst\u00e4ndigkeit oder Qualit\u00e4t der bereitgestellten Informationen. Haftungsanspr\u00fcche gegen den Autor, die sich auf Sch\u00e4den materieller oder ideeller Art beziehen, welche durch die Nutzung oder Nichtnutzung der dargebotenen Informationen bzw. durch die Nutzung fehlerhafter und unvollst\u00e4ndiger Informationen verursacht wurden, sind grunds\u00e4tzlich ausgeschlossen, sofern seitens des Autors kein nachweislich vors\u00e4tzliches oder grob fahrl\u00e4ssiges Verschulden vorliegt.<\/p>\n<p><strong>2. Verweise und Links<\/strong><br \/>\nSofern auf Verweisziele (\u201eLinks\u201c) direkt oder indirekt verwiesen wird, die au\u00dferhalb des Verantwortungsbereiches des Autors liegen, haftet dieser nur dann, wenn er von den Inhalten Kenntnis hat und es ihm technisch m\u00f6glich und zumutbar w\u00e4re, die Nutzung im Falle rechtswidriger Inhalte zu verhindern. F\u00fcr dar\u00fcber hinausgehende Inhalte und insbesondere f\u00fcr Sch\u00e4den, die aus der Nutzung oder Nichtnutzung solcherart dargebotener Informationen entstehen, haftet allein der Anbieter dieser Seiten, nicht derjenige, der \u00fcber Links auf die jeweilige Ver\u00f6ffentlichung lediglich verweist.<\/p>\n<p><strong>3. Urheberrecht<\/strong><br \/>\nDer Autor ist bestrebt, in allen Publikationen die Urheberrechte der verwendeten Grafiken, Sounds und Texte zu beachten, von ihm selbst erstellte Grafiken, Sounds und Texte zu nutzen oder auf lizenzfreie Grafiken, Sounds und Texte zur\u00fcckzugreifen. Sollte sich auf den jeweiligen Seiten dennoch eine ungekennzeichnete, aber durch fremdes Copyright gesch\u00fctzte Grafik, ein Sound oder Text befinden, so konnte das Copyright vom Autor nicht festgestellt werden. Im Falle einer solchen unbeabsichtigten Copyrightverletzung wird der Autor das entsprechende Objekt nach Benachrichtigung aus seiner Publikation entfernen bzw. mit dem entsprechenden Copyright kenntlich machen.<\/p>\n<p>Der Gerichtsstand ist Bergen auf R\u00fcgen.<\/p>\n<\/div>\n<\/div>\n<\/div>\n<\/div>\n<\/div>\n<\/div>\n<\/div>\n<div class=\"page-footer style-61 style-local-84-f1 position-relative h-footer-parallax\" data-enabled=\"true\" data-colibri-component=\"footer-parallax\" data-colibri-id=\"84-f1\" data-loaded=\"true\">\n<div id=\"copyright\" class=\"h-section h-section-global-spacing d-flex align-items-lg-center align-items-md-center align-items-center style-62 style-local-84-f2 position-relative\" data-colibri-component=\"section\" data-colibri-id=\"84-f2\">\n<div class=\"h-section-grid-container h-section-boxed-container\">\n<div class=\"h-row-container gutters-row-lg-1 gutters-row-md-1 gutters-row-2 gutters-row-v-lg-1 gutters-row-v-md-1 gutters-row-v-2 style-63 style-local-84-f3 position-relative\" data-colibri-id=\"84-f3\">\n<div class=\"h-row justify-content-lg-center justify-content-md-center justify-content-center align-items-lg-stretch align-items-md-stretch align-items-stretch gutters-col-lg-1 gutters-col-md-1 gutters-col-2 gutters-col-v-lg-1 gutters-col-v-md-1 gutters-col-v-2\">\n<div class=\"h-column h-column-container d-flex h-col-lg-auto h-col-md-auto h-col-auto style-64-outer style-local-84-f4-outer\">\n<div class=\"d-flex h-flex-basis h-column__inner h-px-lg-1 h-px-md-1 h-px-2 v-inner-lg-1 v-inner-md-1 v-inner-2 style-64 style-local-84-f4 position-relative\" data-colibri-id=\"84-f4\">\n<div class=\"w-100 h-y-container h-column__content h-column__v-align flex-basis-100 align-self-lg-start align-self-md-start align-self-start\">\n<div class=\"style-65 style-local-84-f5 position-relative h-element\" data-colibri-id=\"84-f5\"><\/div>\n<\/div>\n<\/div>\n<\/div>\n<\/div>\n<\/div>\n<\/div>\n<\/div>\n<\/div>\n","protected":false},"excerpt":{"rendered":"<p>Inhaber und Betreiber der Homepage: R\u00fcgener Hafen- und Touristik GmbH Hafenweg 44b 18569 Schaprode Tel.: 038309\/1209 eMail: info@hafen-schaprode.de 1. Inhalt des Onlineangebotes Der Autor selbst und die Informationszubringer sind stets bem\u00fcht, qualitativ hochwertige Informationen zur Verf\u00fcgung zu stellen. Trotzdem \u00fcbernimmt der Autor keinerlei Gew\u00e4hr f\u00fcr die Aktualit\u00e4t, Korrektheit, Vollst\u00e4ndigkeit oder Qualit\u00e4t der bereitgestellten Informationen. Haftungsanspr\u00fcche [&hellip;]<\/p>\n","protected":false},"author":1,"featured_media":0,"parent":0,"menu_order":0,"comment_status":"closed","ping_status":"closed","template":"","meta":{"_monsterinsights_skip_tracking":false,"_monsterinsights_sitenote_active":false,"_monsterinsights_sitenote_note":"","_monsterinsights_sitenote_category":0,"footnotes":""},"class_list":["post-97","page","type-page","status-publish","hentry"],"_links":{"self":[{"href":"https:\/\/hafen-schaprode.de\/de\/wp-json\/wp\/v2\/pages\/97","targetHints":{"allow":["GET"]}}],"collection":[{"href":"https:\/\/hafen-schaprode.de\/de\/wp-json\/wp\/v2\/pages"}],"about":[{"href":"https:\/\/hafen-schaprode.de\/de\/wp-json\/wp\/v2\/types\/page"}],"author":[{"embeddable":true,"href":"https:\/\/hafen-schaprode.de\/de\/wp-json\/wp\/v2\/users\/1"}],"replies":[{"embeddable":true,"href":"https:\/\/hafen-schaprode.de\/de\/wp-json\/wp\/v2\/comments?post=97"}],"version-history":[{"count":3,"href":"https:\/\/hafen-schaprode.de\/de\/wp-json\/wp\/v2\/pages\/97\/revisions"}],"predecessor-version":[{"id":101,"href":"https:\/\/hafen-schaprode.de\/de\/wp-json\/wp\/v2\/pages\/97\/revisions\/101"}],"wp:attachment":[{"href":"https:\/\/hafen-schaprode.de\/de\/wp-json\/wp\/v2\/media?parent=97"}],"curies":[{"name":"wp","href":"https:\/\/api.w.org\/{rel}","templated":true}]}}