{"id":175,"date":"2026-04-21T09:58:37","date_gmt":"2026-04-21T07:58:37","guid":{"rendered":"https:\/\/hafen-schaprode.de\/de\/?post_type=product&#038;p=175"},"modified":"2026-04-30T13:15:48","modified_gmt":"2026-04-30T11:15:48","slug":"ticket-die-schiesswuetigen-frauen-von-der-oehe-05-08-2026-kopie","status":"publish","type":"product","link":"https:\/\/hafen-schaprode.de\/de\/produkt\/ticket-die-schiesswuetigen-frauen-von-der-oehe-05-08-2026-kopie\/","title":{"rendered":"Ticket &#8211; 05.08.2026 &#8211; 17 Uhr"},"content":{"rendered":"<p class=\"isSelectedEnd\">&#8222;Die schie\u00dfw\u00fctigen Frauen von der \u00d6he&#8220;<br \/>\n\ud83d\udccd Direkt am Hafen von Schaprode<\/p>\n<p class=\"isSelectedEnd\">Ein Theater-Boot, Falladas Nipperwiese-Schwester und ein unvergesslicher Sommerabend am Wasser \u2013 wir bringen Humor, Spannung und norddeutsches Flair auf die B\u00fchne!<\/p>\n<p class=\"isSelectedEnd\">Spielzeit: 30.07.2026 \u2013 08.08.2026<\/p>\n<p>Sichert euch eure Pl\u00e4tze und erlebt Theater unter freiem Himmel in einzigartiger Atmosph\u00e4re!<\/p>\n","protected":false},"excerpt":{"rendered":"<p>&#8222;Die schie\u00dfw\u00fctigen Frauen von der \u00d6he&#8220; \ud83d\udccd Direkt am Hafen von Schaprode Ein Theater-Boot, Falladas Nipperwiese-Schwester und ein unvergesslicher Sommerabend am Wasser \u2013 wir bringen Humor, Spannung und norddeutsches Flair auf die B\u00fchne! Spielzeit: 30.07.2026 \u2013 08.08.2026 Sichert euch eure Pl\u00e4tze und erlebt Theater unter freiem Himmel in einzigartiger Atmosph\u00e4re!<\/p>\n","protected":false},"featured_media":150,"comment_status":"closed","ping_status":"closed","template":"","meta":{"_monsterinsights_skip_tracking":false,"_monsterinsights_sitenote_active":false,"_monsterinsights_sitenote_note":"","_monsterinsights_sitenote_category":0},"product_brand":[],"product_cat":[16],"product_tag":[],"class_list":{"0":"post-175","1":"product","2":"type-product","3":"status-publish","4":"has-post-thumbnail","6":"product_cat-unkategorisiert","8":"first","9":"instock","10":"shipping-taxable","11":"purchasable","12":"product-type-simple"},"_links":{"self":[{"href":"https:\/\/hafen-schaprode.de\/de\/wp-json\/wp\/v2\/product\/175","targetHints":{"allow":["GET"]}}],"collection":[{"href":"https:\/\/hafen-schaprode.de\/de\/wp-json\/wp\/v2\/product"}],"about":[{"href":"https:\/\/hafen-schaprode.de\/de\/wp-json\/wp\/v2\/types\/product"}],"replies":[{"embeddable":true,"href":"https:\/\/hafen-schaprode.de\/de\/wp-json\/wp\/v2\/comments?post=175"}],"wp:featuredmedia":[{"embeddable":true,"href":"https:\/\/hafen-schaprode.de\/de\/wp-json\/wp\/v2\/media\/150"}],"wp:attachment":[{"href":"https:\/\/hafen-schaprode.de\/de\/wp-json\/wp\/v2\/media?parent=175"}],"wp:term":[{"taxonomy":"product_brand","embeddable":true,"href":"https:\/\/hafen-schaprode.de\/de\/wp-json\/wp\/v2\/product_brand?post=175"},{"taxonomy":"product_cat","embeddable":true,"href":"https:\/\/hafen-schaprode.de\/de\/wp-json\/wp\/v2\/product_cat?post=175"},{"taxonomy":"product_tag","embeddable":true,"href":"https:\/\/hafen-schaprode.de\/de\/wp-json\/wp\/v2\/product_tag?post=175"}],"curies":[{"name":"wp","href":"https:\/\/api.w.org\/{rel}","templated":true}]}}